{"id":137,"date":"2025-12-15T14:06:40","date_gmt":"2025-12-15T14:06:40","guid":{"rendered":"https:\/\/www.koniecswiata.net.pl\/?post_type=product&#038;p=137"},"modified":"2025-12-15T15:58:37","modified_gmt":"2025-12-15T15:58:37","slug":"kawa-ks-crema-2","status":"publish","type":"product","link":"https:\/\/www.koniecswiata.net.pl\/index.php\/produkt\/kawa-ks-crema-2\/","title":{"rendered":"Kawa KS Crema"},"content":{"rendered":"<p data-path-to-node=\"4\">K\u015a Crema to nasza flagowa mieszanka stworzona dla mi\u0142o\u015bnik\u00f3w \u0142agodnego, ale pe\u0142nego smaku. Nazwa zobowi\u0105zuje \u2013 ta kawa charakteryzuje si\u0119 wyj\u0105tkowo g\u0119st\u0105, orzechow\u0105 crem\u0105, kt\u00f3ra d\u0142ugo utrzymuje si\u0119 na powierzchni fili\u017canki. W smaku dominuj\u0105 s\u0142odkie nuty mlecznej czekolady, pra\u017conych migda\u0142\u00f3w i karmelu, pozbawionej kwasowo\u015bci i goryczy.<\/p>\n<p data-path-to-node=\"5\">To kawa uniwersalna \u2013 smakuje wybornie jako czarne espresso, ale jest te\u017c doskona\u0142\u0105 baz\u0105 do cappuccino i latte, idealnie \u0142\u0105cz\u0105c si\u0119 z mlekiem.<\/p>\n<p data-path-to-node=\"6\"><b>Charakterystyka:<\/b><\/p>\n<ul data-path-to-node=\"7\">\n<li>\n<p data-path-to-node=\"7,0,0\"><b>Nuty smakowe:<\/b> Mleczna czekolada, orzechy, karmel.<\/p>\n<\/li>\n<li>\n<p data-path-to-node=\"7,1,0\"><b>Stopie\u0144 palenia:<\/b> \u015aredni (3\/5).<\/p>\n<\/li>\n<li>\n<p data-path-to-node=\"7,2,0\"><b>Kwasowo\u015b\u0107:<\/b> Niska.<\/p>\n<\/li>\n<li>\n<p data-path-to-node=\"7,3,0\"><b>Intensywno\u015b\u0107:<\/b> Zbalansowana.<\/p>\n<\/li>\n<li>\n<p data-path-to-node=\"7,4,0\"><b>Polecana do:<\/b> Ekspres\u00f3w ci\u015bnieniowych, kawiarek, ekspres\u00f3w automatycznych.<\/p>\n<\/li>\n<\/ul>\n","protected":false},"excerpt":{"rendered":"<p>K\u015a Crema to nasza flagowa mieszanka stworzona dla mi\u0142o\u015bnik\u00f3w \u0142agodnego, ale pe\u0142nego smaku. Nazwa zobowi\u0105zuje \u2013 ta kawa charakteryzuje si\u0119 wyj\u0105tkowo g\u0119st\u0105, orzechow\u0105 crem\u0105, kt\u00f3ra d\u0142ugo utrzymuje si\u0119 na powierzchni fili\u017canki. W smaku dominuj\u0105 s\u0142odkie nuty mlecznej czekolady, pra\u017conych migda\u0142\u00f3w i karmelu, pozbawionej kwasowo\u015bci i goryczy. To kawa uniwersalna \u2013 smakuje wybornie jako czarne espresso, [&hellip;]<\/p>\n","protected":false},"featured_media":111,"comment_status":"open","ping_status":"closed","template":"","meta":[],"product_brand":[],"product_cat":[19],"product_tag":[],"class_list":{"0":"post-137","1":"product","2":"type-product","3":"status-publish","4":"has-post-thumbnail","6":"product_cat-bez-kategorii","8":"first","9":"instock","10":"shipping-taxable","11":"purchasable","12":"product-type-simple"},"_links":{"self":[{"href":"https:\/\/www.koniecswiata.net.pl\/index.php\/wp-json\/wp\/v2\/product\/137","targetHints":{"allow":["GET"]}}],"collection":[{"href":"https:\/\/www.koniecswiata.net.pl\/index.php\/wp-json\/wp\/v2\/product"}],"about":[{"href":"https:\/\/www.koniecswiata.net.pl\/index.php\/wp-json\/wp\/v2\/types\/product"}],"replies":[{"embeddable":true,"href":"https:\/\/www.koniecswiata.net.pl\/index.php\/wp-json\/wp\/v2\/comments?post=137"}],"wp:featuredmedia":[{"embeddable":true,"href":"https:\/\/www.koniecswiata.net.pl\/index.php\/wp-json\/wp\/v2\/media\/111"}],"wp:attachment":[{"href":"https:\/\/www.koniecswiata.net.pl\/index.php\/wp-json\/wp\/v2\/media?parent=137"}],"wp:term":[{"taxonomy":"product_brand","embeddable":true,"href":"https:\/\/www.koniecswiata.net.pl\/index.php\/wp-json\/wp\/v2\/product_brand?post=137"},{"taxonomy":"product_cat","embeddable":true,"href":"https:\/\/www.koniecswiata.net.pl\/index.php\/wp-json\/wp\/v2\/product_cat?post=137"},{"taxonomy":"product_tag","embeddable":true,"href":"https:\/\/www.koniecswiata.net.pl\/index.php\/wp-json\/wp\/v2\/product_tag?post=137"}],"curies":[{"name":"wp","href":"https:\/\/api.w.org\/{rel}","templated":true}]}}