{"id":131,"date":"2025-12-15T14:00:55","date_gmt":"2025-12-15T14:00:55","guid":{"rendered":"https:\/\/www.koniecswiata.net.pl\/?post_type=product&#038;p=131"},"modified":"2025-12-15T16:05:08","modified_gmt":"2025-12-15T16:05:08","slug":"koszulka-koniec-swiata","status":"publish","type":"product","link":"https:\/\/www.koniecswiata.net.pl\/index.php\/produkt\/koszulka-koniec-swiata\/","title":{"rendered":"Koszulka Koniec \u015awiata"},"content":{"rendered":"<p>Nasza klasyczna koszulka klubowa to prosty, wygodny i uniwersalny wyb\u00f3r!<\/p>\n<ul>\n<li data-start=\"619\" data-end=\"679\">\n<p data-start=\"621\" data-end=\"679\">materia\u0142: mi\u0119kki, oddychaj\u0105cy (komfort przez ca\u0142y dzie\u0144)<\/p>\n<\/li>\n<li data-start=\"680\" data-end=\"718\">\n<p data-start=\"682\" data-end=\"718\">kolorystyka: klubowa, ponadczasowa<\/p>\n<\/li>\n<li data-start=\"680\" data-end=\"718\">Rozmiar M<\/li>\n<\/ul>\n","protected":false},"excerpt":{"rendered":"<p>Nasza klasyczna koszulka klubowa to prosty, wygodny i uniwersalny wyb\u00f3r! materia\u0142: mi\u0119kki, oddychaj\u0105cy (komfort przez ca\u0142y dzie\u0144) kolorystyka: klubowa, ponadczasowa Rozmiar M<\/p>\n","protected":false},"featured_media":148,"comment_status":"open","ping_status":"closed","template":"","meta":[],"product_brand":[],"product_cat":[19],"product_tag":[],"class_list":{"0":"post-131","1":"product","2":"type-product","3":"status-publish","4":"has-post-thumbnail","6":"product_cat-bez-kategorii","8":"first","9":"instock","10":"shipping-taxable","11":"purchasable","12":"product-type-simple"},"_links":{"self":[{"href":"https:\/\/www.koniecswiata.net.pl\/index.php\/wp-json\/wp\/v2\/product\/131","targetHints":{"allow":["GET"]}}],"collection":[{"href":"https:\/\/www.koniecswiata.net.pl\/index.php\/wp-json\/wp\/v2\/product"}],"about":[{"href":"https:\/\/www.koniecswiata.net.pl\/index.php\/wp-json\/wp\/v2\/types\/product"}],"replies":[{"embeddable":true,"href":"https:\/\/www.koniecswiata.net.pl\/index.php\/wp-json\/wp\/v2\/comments?post=131"}],"wp:featuredmedia":[{"embeddable":true,"href":"https:\/\/www.koniecswiata.net.pl\/index.php\/wp-json\/wp\/v2\/media\/148"}],"wp:attachment":[{"href":"https:\/\/www.koniecswiata.net.pl\/index.php\/wp-json\/wp\/v2\/media?parent=131"}],"wp:term":[{"taxonomy":"product_brand","embeddable":true,"href":"https:\/\/www.koniecswiata.net.pl\/index.php\/wp-json\/wp\/v2\/product_brand?post=131"},{"taxonomy":"product_cat","embeddable":true,"href":"https:\/\/www.koniecswiata.net.pl\/index.php\/wp-json\/wp\/v2\/product_cat?post=131"},{"taxonomy":"product_tag","embeddable":true,"href":"https:\/\/www.koniecswiata.net.pl\/index.php\/wp-json\/wp\/v2\/product_tag?post=131"}],"curies":[{"name":"wp","href":"https:\/\/api.w.org\/{rel}","templated":true}]}}