{"id":109,"date":"2025-12-15T11:29:08","date_gmt":"2025-12-15T11:29:08","guid":{"rendered":"https:\/\/www.koniecswiata.net.pl\/?post_type=product&#038;p=109"},"modified":"2025-12-15T15:58:56","modified_gmt":"2025-12-15T15:58:56","slug":"kawa-ks-roma","status":"publish","type":"product","link":"https:\/\/www.koniecswiata.net.pl\/index.php\/produkt\/kawa-ks-roma\/","title":{"rendered":"Kawa KS Roma"},"content":{"rendered":"<p data-path-to-node=\"11\">Przenie\u015b si\u0119 do gwarnej kawiarni w sercu Rzymu z kaw\u0105 K\u015a Roma. To mieszanka inspirowana tradycyjnym, po\u0142udniowow\u0142oskim stylem palenia. Ziarna wypalili\u015bmy nieco mocniej, aby wydoby\u0107 z nich g\u0142\u0119bi\u0119, intensywno\u015b\u0107 i szlachetn\u0105 goryczk\u0119 ciemnej czekolady oraz kakao.<\/p>\n<p data-path-to-node=\"12\">K\u015a Roma to &#8222;kawa z charakterem&#8221; \u2013 idealna na szybkie poranne pobudzenie. Daje kr\u00f3tki, mocny i g\u0119sty napar, kt\u00f3ry stawia na nogi od pierwszego \u0142yka.<\/p>\n<p data-path-to-node=\"13\"><b>Charakterystyka:<\/b><\/p>\n<ul data-path-to-node=\"14\">\n<li>\n<p data-path-to-node=\"14,0,0\"><b>Nuty smakowe:<\/b> Gorzka czekolada, kakao, przyprawy korzenne, opieczony chleb.<\/p>\n<\/li>\n<li>\n<p data-path-to-node=\"14,1,0\"><b>Stopie\u0144 palenia:<\/b> Ciemny (4\/5).<\/p>\n<\/li>\n<li>\n<p data-path-to-node=\"14,2,0\"><b>Kwasowo\u015b\u0107:<\/b> Bardzo niska.<\/p>\n<\/li>\n<li>\n<p data-path-to-node=\"14,3,0\"><b>Intensywno\u015b\u0107:<\/b> Wysoka.<\/p>\n<\/li>\n<li>\n<p data-path-to-node=\"14,4,0\"><b>Polecana do:<\/b> Espresso, Ristretto, ma\u0142a czarna.<\/p>\n<\/li>\n<\/ul>\n","protected":false},"excerpt":{"rendered":"<p>Przenie\u015b si\u0119 do gwarnej kawiarni w sercu Rzymu z kaw\u0105 K\u015a Roma. To mieszanka inspirowana tradycyjnym, po\u0142udniowow\u0142oskim stylem palenia. Ziarna wypalili\u015bmy nieco mocniej, aby wydoby\u0107 z nich g\u0142\u0119bi\u0119, intensywno\u015b\u0107 i szlachetn\u0105 goryczk\u0119 ciemnej czekolady oraz kakao.<\/p>\n","protected":false},"featured_media":112,"comment_status":"open","ping_status":"closed","template":"","meta":[],"product_brand":[],"product_cat":[19],"product_tag":[],"class_list":{"0":"post-109","1":"product","2":"type-product","3":"status-publish","4":"has-post-thumbnail","6":"product_cat-bez-kategorii","8":"first","9":"instock","10":"shipping-taxable","11":"purchasable","12":"product-type-simple"},"_links":{"self":[{"href":"https:\/\/www.koniecswiata.net.pl\/index.php\/wp-json\/wp\/v2\/product\/109","targetHints":{"allow":["GET"]}}],"collection":[{"href":"https:\/\/www.koniecswiata.net.pl\/index.php\/wp-json\/wp\/v2\/product"}],"about":[{"href":"https:\/\/www.koniecswiata.net.pl\/index.php\/wp-json\/wp\/v2\/types\/product"}],"replies":[{"embeddable":true,"href":"https:\/\/www.koniecswiata.net.pl\/index.php\/wp-json\/wp\/v2\/comments?post=109"}],"wp:featuredmedia":[{"embeddable":true,"href":"https:\/\/www.koniecswiata.net.pl\/index.php\/wp-json\/wp\/v2\/media\/112"}],"wp:attachment":[{"href":"https:\/\/www.koniecswiata.net.pl\/index.php\/wp-json\/wp\/v2\/media?parent=109"}],"wp:term":[{"taxonomy":"product_brand","embeddable":true,"href":"https:\/\/www.koniecswiata.net.pl\/index.php\/wp-json\/wp\/v2\/product_brand?post=109"},{"taxonomy":"product_cat","embeddable":true,"href":"https:\/\/www.koniecswiata.net.pl\/index.php\/wp-json\/wp\/v2\/product_cat?post=109"},{"taxonomy":"product_tag","embeddable":true,"href":"https:\/\/www.koniecswiata.net.pl\/index.php\/wp-json\/wp\/v2\/product_tag?post=109"}],"curies":[{"name":"wp","href":"https:\/\/api.w.org\/{rel}","templated":true}]}}